{"id":25310,"date":"2024-08-25T16:04:57","date_gmt":"2024-08-25T14:04:57","guid":{"rendered":"https:\/\/www.coffee-world.de\/repair-service\/"},"modified":"2024-10-14T16:59:38","modified_gmt":"2024-10-14T14:59:38","slug":"repair-service","status":"publish","type":"page","link":"https:\/\/www.coffee-world.de\/en\/repair-service\/","title":{"rendered":"Repair service"},"content":{"rendered":"\n  <div id=\"page-header-482716573\" class=\"page-header-wrapper\">\n  <div class=\"page-title dark featured-title\">\n\n        <div class=\"page-title-bg\">\n      <div class=\"title-bg fill bg-fill\"\n        data-parallax-container=\".page-title\"\n        data-parallax-background\n        data-parallax=\"-\">\n      <\/div>\n      <div class=\"title-overlay fill\"><\/div>\n    <\/div>\n    \n    <div class=\"page-title-inner container align-center text-center flex-row-col medium-flex-wrap\" >\n              <div class=\"title-wrapper uppercase flex-col\">\n          <h1 class=\"entry-title mb-0\">\n            Reparaturservice          <\/h1>\n        <\/div>\n                    <div class=\"title-content flex-col\">\n        <div class=\"title-breadcrumbs pb-half pt-half\"><nav class=\"woocommerce-breadcrumb breadcrumbs \" aria-label=\"Breadcrumb\">Home<\/nav><\/div>      <\/div>\n    <\/div>\n\n     \n<style>\n#page-header-482716573 .page-title-inner {\n  min-height: 300px;\n}\n#page-header-482716573 .title-bg {\n  background-image: url(https:\/\/www.coffee-world.de\/wp-content\/uploads\/2024\/08\/coffee-world-header-banner.webp);\n  background-position: 50% 50%;\n}\n#page-header-482716573 .title-overlay {\n  background-color: rgba(0, 0, 0, 0.378);\n}\n<\/style>\n  <\/div>\n    <\/div>\n  \n\n\n\t<section class=\"section\" id=\"section_1395657420\">\n\t\t<div class=\"section-bg fill\" >\n\t\t\t\t\t\t\t\t\t<div class=\"section-bg-overlay absolute fill\"><\/div>\n\t\t\t\n\n\t\t<\/div>\n\n\t\t\n\n\t\t<div class=\"section-content relative\">\n\t\t\t\n\n<div class=\"row row-large align-middle\"  id=\"row-829012796\">\n\n\n\t<div id=\"col-1434219406\" class=\"col small-12 large-12\"  >\n\t\t\t\t<div class=\"col-inner\"  >\n\t\t\t\n\t\t\t\n\n<h2>Reparaturservice von Kaffeemaschinen<\/h2>\n<p>Der <strong>Reparaturservice<\/strong> von <strong>Coffee-World.de<\/strong> bietet <strong>professionelle Wartung<\/strong> und <strong>Reparatur<\/strong> f\u00fcr <strong>Kaffeemaschinen<\/strong> und <strong>Espressomaschinen<\/strong> renommierter Hersteller wie <strong>Nivona<\/strong>, <strong>Jura<\/strong>, <strong>Saeco<\/strong>, <strong>Philips<\/strong>, <strong>De Longhi<\/strong>, <strong>Melitta<\/strong>, <strong>Siemens<\/strong>, <strong>Bosch<\/strong>, <strong>Krups<\/strong>, <strong>AEG<\/strong>, <strong>Gaggia<\/strong> und <strong>Solis<\/strong> an. Mit langj\u00e4hriger Erfahrung und geschulten Technikern sorgt Coffee-World.de daf\u00fcr, dass Ihre Maschine schnell und zuverl\u00e4ssig instand gesetzt wird. Der Service umfasst sowohl die <strong>Behebung technischer Probleme<\/strong> als auch die <strong>regelm\u00e4\u00dfige Wartung<\/strong>, um die Lebensdauer Ihrer Maschine zu verl\u00e4ngern. Nutzen Sie den kompetenten Reparaturservice von Coffee-World.de, um jederzeit perfekten Kaffeegenuss zu erleben.<\/p>\n\n\t\t<\/div>\n\t\t\t\t\t<\/div>\n\n\t\n\n\t<div id=\"col-89498778\" class=\"col medium-6 small-12 large-6\"  >\n\t\t\t\t<div class=\"col-inner text-left\"  >\n\t\t\t\n\t\t\t\n\n\t<div class=\"img has-hover x md-x lg-x y md-y lg-y\" id=\"image_1127246632\">\n\t\t\t\t\t\t\t\t<div class=\"img-inner dark\" >\n\t\t\t\t\t\t\t\t\t\n\t\t\t\t\t<\/div>\n\t\t\t\t\t\t\t\t\n<style>\n#image_1127246632 {\n  width: 100%;\n}\n<\/style>\n\t<\/div>\n\t\n\n\n\t\t<\/div>\n\t\t\t\t\t<\/div>\n\n\t\n\n\n<style>\n#row-829012796 > .col > .col-inner {\n  padding: 50px 0px 0px 0px;\n}\n<\/style>\n<\/div>\n<div class=\"row row-large align-middle\"  id=\"row-99919837\">\n\n\n\t<div id=\"col-1766492702\" class=\"col medium-6 small-12 large-6\"  >\n\t\t\t\t<div class=\"col-inner text-center\"  >\n\t\t\t\n\t\t\t\n\n\t<div class=\"img has-hover x md-x lg-x y md-y lg-y\" id=\"image_1198243315\">\n\t\t\t\t\t\t\t\t<div class=\"img-inner dark\" >\n\t\t\t<img loading=\"lazy\" decoding=\"async\" width=\"1020\" height=\"1015\" src=\"https:\/\/www.coffee-world.de\/wp-content\/uploads\/2024\/10\/coffeeworld_reparatur-1024x1019.webp\" class=\"attachment-large size-large\" alt=\"\" srcset=\"https:\/\/www.coffee-world.de\/wp-content\/uploads\/2024\/10\/coffeeworld_reparatur-1024x1019.webp 1024w, https:\/\/www.coffee-world.de\/wp-content\/uploads\/2024\/10\/coffeeworld_reparatur-247x247.webp 247w, https:\/\/www.coffee-world.de\/wp-content\/uploads\/2024\/10\/coffeeworld_reparatur-100x100.webp 100w, https:\/\/www.coffee-world.de\/wp-content\/uploads\/2024\/10\/coffeeworld_reparatur-510x508.webp 510w, https:\/\/www.coffee-world.de\/wp-content\/uploads\/2024\/10\/coffeeworld_reparatur-300x300.webp 300w, https:\/\/www.coffee-world.de\/wp-content\/uploads\/2024\/10\/coffeeworld_reparatur-150x150.webp 150w, https:\/\/www.coffee-world.de\/wp-content\/uploads\/2024\/10\/coffeeworld_reparatur-768x764.webp 768w, https:\/\/www.coffee-world.de\/wp-content\/uploads\/2024\/10\/coffeeworld_reparatur.webp 1519w\" sizes=\"auto, (max-width: 1020px) 100vw, 1020px\" title=\"\">\t\t\t\t\t\t\n\t\t\t\t\t<\/div>\n\t\t\t\t\t\t\t\t\n<style>\n#image_1198243315 {\n  width: 70%;\n}\n<\/style>\n\t<\/div>\n\t\n\n\n\t\t<\/div>\n\t\t\t\t\t<\/div>\n\n\t\n\n\t<div id=\"col-1643443189\" class=\"col medium-6 small-12 large-6\"  >\n\t\t\t\t<div class=\"col-inner text-left\"  >\n\t\t\t\n\t\t\t\n\n<h3>Ablauf<\/h3>\n<p>Wenn Ihre Maschine defekt ist und nicht so funktioniert, wie Sie es gewohnt sind, schreiben Sie uns gerne eine Nachricht per E-Mail oder \u00fcber das Kontaktformular. Nat\u00fcrlich k\u00f6nnen Sie uns auch anrufen, wir sind f\u00fcr Sie da.<\/p>\n<ol>\n<li>Schreiben Sie uns eine Reparaturanfrage.<\/li>\n<li>Sie bringen Ihre Maschine bei uns vorbei.<\/li>\n<li>Unsere Technik schaut sich Ihre Maschine an und Sie erhalten einen <strong>Kostenvoranschlag <\/strong>und eine ungef\u00e4hre Zeitangabe zur Dauer der Reparatur. Sie leisten au\u00dferdem eine Anzahlung, die bei erfolgter Reparatur durch uns verrechnet wird.<\/li>\n<li>Nach der Reparatur erhalten Sie eine Nachricht und k\u00f6nnen Ihre Maschine wieder abholen.<\/li>\n<\/ol>\n\n\t\t<\/div>\n\t\t\t\t\t<\/div>\n\n\t\n\n<\/div>\n<div class=\"row\"  id=\"row-710240183\">\n\n\n\t<div id=\"col-2128168579\" class=\"col small-12 large-12\"  >\n\t\t\t\t<div class=\"col-inner\"  >\n\t\t\t\n\t\t\t\n\n\t<div id=\"text-123752616\" class=\"text\">\n\t\t\n\n<h3><strong>Stellen Sie eine unverbindliche Reparaturanfrage<\/strong><\/h3>\n\t\t\n<style>\n#text-123752616 {\n  text-align: center;\n}\n<\/style>\n\t<\/div>\n\t\n<div class=\"row\"  id=\"row-1655222826\">\n\n\n\t<div id=\"col-1846322042\" class=\"col medium-4 small-12 large-4\"  >\n\t\t\t\t<div class=\"col-inner\"  >\n\t\t\t\n\t\t\t\n\n\n\t\t<\/div>\n\t\t\t\t\t<\/div>\n\n\t\n\n\t<div id=\"col-1583347899\" class=\"col medium-8 small-12 large-8\"  >\n\t\t\t\t<div class=\"col-inner\"  >\n\t\t\t\n\t\t\t\n\n\t<div id=\"text-1991522407\" class=\"text\">\n\t\t\n\n<style id=\"wpforms-css-vars-24754\">\n\t\t\t\t#wpforms-24754 {\n\t\t\t\t\n\t\t\t}\n\t\t\t<\/style><div class=\"wpforms-container wpforms-container-full wpforms-render-modern\" id=\"wpforms-24754\"><form id=\"wpforms-form-24754\" class=\"wpforms-validate wpforms-form wpforms-ajax-form\" data-formid=\"24754\" method=\"post\" enctype=\"multipart\/form-data\" action=\"\/en\/wp-json\/wp\/v2\/pages\/25310\" data-token=\"173ac33e4b8be2a6aedbaff77405dfa2\" data-token-time=\"1778058435\"><noscript class=\"wpforms-error-noscript\">Please enable JavaScript in your browser to complete this form.<\/noscript><div id=\"wpforms-error-noscript\" style=\"display: none;\">Please enable JavaScript in your browser to complete this form.<\/div><div class=\"wpforms-field-container\"><div id=\"wpforms-24754-field_1-container\" class=\"wpforms-field wpforms-field-name\" data-field-id=\"1\"><fieldset><legend class=\"wpforms-field-label\">Your name <span class=\"wpforms-required-label\" aria-hidden=\"true\">*<\/span><\/legend><div class=\"wpforms-field-row wpforms-field-medium\"><div class=\"wpforms-field-row-block wpforms-first wpforms-one-half\"><input type=\"text\" id=\"wpforms-24754-field_1\" class=\"wpforms-field-name-first wpforms-field-required\" name=\"wpforms[fields][1][first]\" aria-errormessage=\"wpforms-24754-field_1-error\" required><label for=\"wpforms-24754-field_1\" class=\"wpforms-field-sublabel after\">First<\/label><\/div><div class=\"wpforms-field-row-block wpforms-one-half\"><input type=\"text\" id=\"wpforms-24754-field_1-last\" class=\"wpforms-field-name-last wpforms-field-required\" name=\"wpforms[fields][1][last]\" aria-errormessage=\"wpforms-24754-field_1-last-error\" required><label for=\"wpforms-24754-field_1-last\" class=\"wpforms-field-sublabel after\">Last<\/label><\/div><\/div><\/fieldset><\/div><div id=\"wpforms-24754-field_2-container\" class=\"wpforms-field wpforms-field-email\" data-field-id=\"2\"><label class=\"wpforms-field-label\" for=\"wpforms-24754-field_2\">Your e-mail address <span class=\"wpforms-required-label\" aria-hidden=\"true\">*<\/span><\/label><input type=\"email\" id=\"wpforms-24754-field_2\" class=\"wpforms-field-medium wpforms-field-required\" name=\"wpforms[fields][2]\" spellcheck=\"false\" aria-errormessage=\"wpforms-24754-field_2-error\" required><\/div><div id=\"wpforms-24754-field_3-container\" class=\"wpforms-field wpforms-field-text\" data-field-id=\"3\"><label class=\"wpforms-field-label\" for=\"wpforms-24754-field_3\">Your telephone number for queries <span class=\"wpforms-required-label\" aria-hidden=\"true\">*<\/span><\/label><input type=\"text\" id=\"wpforms-24754-field_3\" class=\"wpforms-field-medium wpforms-field-required\" name=\"wpforms[fields][3]\" aria-errormessage=\"wpforms-24754-field_3-error\" required><\/div>\t\t<div id=\"wpforms-24754-field_4-container\"\n\t\t\tclass=\"wpforms-field wpforms-field-text\"\n\t\t\tdata-field-type=\"text\"\n\t\t\tdata-field-id=\"4\"\n\t\t\t>\n\t\t\t<label class=\"wpforms-field-label\" for=\"wpforms-24754-field_4\" >Your Manufacturer telephone<\/label>\n\t\t\t<input type=\"text\" id=\"wpforms-24754-field_4\" class=\"wpforms-field-medium\" name=\"wpforms[fields][4]\" >\n\t\t<\/div>\n\t\t<div id=\"wpforms-24754-field_5-container\" class=\"wpforms-field wpforms-field-text\" data-field-id=\"5\"><label class=\"wpforms-field-label\" for=\"wpforms-24754-field_5\">Manufacturer and model of your machine <span class=\"wpforms-required-label\" aria-hidden=\"true\">*<\/span><\/label><input type=\"text\" id=\"wpforms-24754-field_5\" class=\"wpforms-field-medium wpforms-field-required\" name=\"wpforms[fields][5]\" aria-errormessage=\"wpforms-24754-field_5-error\" aria-describedby=\"wpforms-24754-field_5-description\" required><div id=\"wpforms-24754-field_5-description\" class=\"wpforms-field-description\">e.g. De Longhi Prima Donna S<\/div><\/div><div id=\"wpforms-24754-field_6-container\" class=\"wpforms-field wpforms-field-textarea\" data-field-id=\"6\"><label class=\"wpforms-field-label\" for=\"wpforms-24754-field_6\">Problem description <span class=\"wpforms-required-label\" aria-hidden=\"true\">*<\/span><\/label><textarea id=\"wpforms-24754-field_6\" class=\"wpforms-field-medium wpforms-field-required\" name=\"wpforms[fields][6]\" aria-errormessage=\"wpforms-24754-field_6-error\" required><\/textarea><\/div><div id=\"wpforms-24754-field_7-container\" class=\"wpforms-field wpforms-field-checkbox\" data-field-id=\"7\"><fieldset><legend class=\"wpforms-field-label\">Data protection <span class=\"wpforms-required-label\" aria-hidden=\"true\">*<\/span><\/legend><ul id=\"wpforms-24754-field_7\" class=\"wpforms-field-required\"><li class=\"choice-1 depth-1\"><input type=\"checkbox\" id=\"wpforms-24754-field_7_1\" name=\"wpforms[fields][7][]\" value=\"I have read the &lt;a target=&quot;_blank&quot; href=&quot;https:\/\/www.coffee-world.de\/en\/privacy-policy\/&quot;&gt;privacy policy&lt;\/a&gt; and agree to the processing of my data.\" aria-errormessage=\"wpforms-24754-field_7_1-error\" required ><label class=\"wpforms-field-label-inline\" for=\"wpforms-24754-field_7_1\">I have read the <a target=\"_blank\" href=\"https:\/\/www.coffee-world.de\/en\/privacy-policy\/\">privacy policy<\/a> and agree to the processing of my data.<\/label><\/li><\/ul><\/fieldset><\/div><script>\n\t\t\t\t( function() {\n\t\t\t\t\tconst style = document.createElement( 'style' );\n\t\t\t\t\tstyle.appendChild( document.createTextNode( '#wpforms-24754-field_4-container { position: absolute !important; overflow: hidden !important; display: inline !important; height: 1px !important; width: 1px !important; z-index: -1000 !important; padding: 0 !important; } #wpforms-24754-field_4-container input { visibility: hidden; } #wpforms-conversational-form-page #wpforms-24754-field_4-container label { counter-increment: none; }' ) );\n\t\t\t\t\tdocument.head.appendChild( style );\n\t\t\t\t\tdocument.currentScript?.remove();\n\t\t\t\t} )();\n\t\t\t<\/script><\/div><!-- .wpforms-field-container --><div class=\"wpforms-submit-container\" ><input type=\"hidden\" name=\"wpforms[id]\" value=\"24754\"><input type=\"hidden\" name=\"page_title\" value=\"\"><input type=\"hidden\" name=\"page_url\" value=\"https:\/\/www.coffee-world.de\/en\/wp-json\/wp\/v2\/pages\/25310\"><input type=\"hidden\" name=\"url_referer\" value=\"\"><button type=\"submit\" name=\"wpforms[submit]\" id=\"wpforms-submit-24754\" class=\"wpforms-submit\" data-alt-text=\"Will be sent ...\" data-submit-text=\"Sending\" aria-live=\"assertive\" value=\"wpforms-submit\">Sending<\/button><img loading=\"lazy\" decoding=\"async\" src=\"https:\/\/www.coffee-world.de\/wp-content\/plugins\/wpforms-lite\/assets\/images\/submit-spin.svg\" class=\"wpforms-submit-spinner\" style=\"display: none;\" width=\"26\" height=\"26\" alt=\"Loading\" title=\"\"><\/div><\/form><\/div>  <!-- .wpforms-container -->\n\t\t\n<style>\n#text-1991522407 {\n  text-align: left;\n}\n<\/style>\n\t<\/div>\n\t\n\n\t\t<\/div>\n\t\t\t\t\t<\/div>\n\n\t\n\n<\/div>\n\n\t\t<\/div>\n\t\t\t\t\t<\/div>\n\n\t\n\n<\/div>\n\n\t\t<\/div>\n\n\t\t\n<style>\n#section_1395657420 {\n  padding-top: 60px;\n  padding-bottom: 60px;\n  background-color: rgb(255, 255, 255);\n}\n#section_1395657420 .section-bg-overlay {\n  background-color: rgba(255, 255, 255, 0.85);\n}\n<\/style>\n\t<\/section>\n\t\n\n\n<p><\/p>\n","protected":false},"excerpt":{"rendered":"","protected":false},"author":1,"featured_media":0,"parent":0,"menu_order":0,"comment_status":"closed","ping_status":"closed","template":"","meta":{"footnotes":""},"class_list":["post-25310","page","type-page","status-publish","hentry"],"_links":{"self":[{"href":"https:\/\/www.coffee-world.de\/en\/wp-json\/wp\/v2\/pages\/25310","targetHints":{"allow":["GET"]}}],"collection":[{"href":"https:\/\/www.coffee-world.de\/en\/wp-json\/wp\/v2\/pages"}],"about":[{"href":"https:\/\/www.coffee-world.de\/en\/wp-json\/wp\/v2\/types\/page"}],"author":[{"embeddable":true,"href":"https:\/\/www.coffee-world.de\/en\/wp-json\/wp\/v2\/users\/1"}],"replies":[{"embeddable":true,"href":"https:\/\/www.coffee-world.de\/en\/wp-json\/wp\/v2\/comments?post=25310"}],"version-history":[{"count":0,"href":"https:\/\/www.coffee-world.de\/en\/wp-json\/wp\/v2\/pages\/25310\/revisions"}],"wp:attachment":[{"href":"https:\/\/www.coffee-world.de\/en\/wp-json\/wp\/v2\/media?parent=25310"}],"curies":[{"name":"wp","href":"https:\/\/api.w.org\/{rel}","templated":true}]}}