{"id":25243,"date":"2024-09-30T15:27:28","date_gmt":"2024-09-30T13:27:28","guid":{"rendered":"https:\/\/www.coffee-world.de\/produkt\/supercrema\/"},"modified":"2024-10-02T20:44:05","modified_gmt":"2024-10-02T18:44:05","slug":"supercrema","status":"publish","type":"product","link":"https:\/\/www.coffee-world.de\/en\/produkt\/supercrema\/","title":{"rendered":"Supercrema"},"content":{"rendered":"<h2>The Supercrema &#8211; your daily companion in everyday life<\/h2>\n<p>  This blend from the Italian roaster is made from 60% Arabica and 40% Robusta beans.<br \/>\nLike all coffees from Torrefazione New York, this blend is pleasantly balanced, perfectly roasted and impresses with its above-average taste.<br \/>\nThe beans are best processed in a fully automatic espresso machine such as the Jura or Saeco brands.<br \/>\nThe beans develop their full flavor in a caf\u00e9 cr\u00e8me or Sch\u00fcmli.<br \/>\nThe crema is particularly well-balanced and lasts up to 15 minutes!<br \/>\nThe low acidity and mild aftertaste make the coffee perfect for offices where several coffees often have to be prepared and served at the same time.     <\/p>\n","protected":false},"excerpt":{"rendered":"<p>60% Arabica \/ 40% Robusta whole bean  <div class=\"strength-label\"><b>Kaffeest\u00e4rke: 6 von 10<\/b><br><img decoding=\"async\" src=\"https:\/\/www.coffee-world.de\/wp-content\/themes\/flatsome-child\/assets\/coffee-bean-filled.svg\" class=\"filled-bean\" alt=\"filled bean\" \/><img decoding=\"async\" src=\"https:\/\/www.coffee-world.de\/wp-content\/themes\/flatsome-child\/assets\/coffee-bean-filled.svg\" class=\"filled-bean\" alt=\"filled bean\" \/><img decoding=\"async\" src=\"https:\/\/www.coffee-world.de\/wp-content\/themes\/flatsome-child\/assets\/coffee-bean-filled.svg\" class=\"filled-bean\" alt=\"filled bean\" \/><img decoding=\"async\" src=\"https:\/\/www.coffee-world.de\/wp-content\/themes\/flatsome-child\/assets\/coffee-bean-filled.svg\" class=\"filled-bean\" alt=\"filled bean\" \/><img decoding=\"async\" src=\"https:\/\/www.coffee-world.de\/wp-content\/themes\/flatsome-child\/assets\/coffee-bean-filled.svg\" class=\"filled-bean\" alt=\"filled bean\" \/><img decoding=\"async\" src=\"https:\/\/www.coffee-world.de\/wp-content\/themes\/flatsome-child\/assets\/coffee-bean-filled.svg\" class=\"filled-bean\" alt=\"filled bean\" \/><img decoding=\"async\" src=\"https:\/\/www.coffee-world.de\/wp-content\/themes\/flatsome-child\/assets\/coffee-bean-empty.svg\" class=\"empty-bean\" alt=\"empty bean\" \/><img decoding=\"async\" src=\"https:\/\/www.coffee-world.de\/wp-content\/themes\/flatsome-child\/assets\/coffee-bean-empty.svg\" class=\"empty-bean\" alt=\"empty bean\" \/><img decoding=\"async\" src=\"https:\/\/www.coffee-world.de\/wp-content\/themes\/flatsome-child\/assets\/coffee-bean-empty.svg\" class=\"empty-bean\" alt=\"empty bean\" \/><img decoding=\"async\" src=\"https:\/\/www.coffee-world.de\/wp-content\/themes\/flatsome-child\/assets\/coffee-bean-empty.svg\" class=\"empty-bean\" alt=\"empty bean\" \/><\/div>\n<p>&nbsp;<\/p>\n","protected":false},"featured_media":25244,"comment_status":"closed","ping_status":"closed","template":"","meta":[],"product_brand":[],"product_cat":[800,801,802,803,825,798],"product_tag":[844,845,846,847,827],"class_list":{"0":"post-25243","1":"product","2":"type-product","3":"status-publish","4":"has-post-thumbnail","6":"product_cat-coffee-beans","7":"product_cat-espresso-beans","8":"product_cat-arabica-en","9":"product_cat-robusta-en","10":"product_cat-new-york-en","11":"product_cat-coffee-and-espresso","12":"product_tag-creamy-coffee","13":"product_tag-mild-espresso","14":"product_tag-schuemli-en","15":"product_tag-supercrema-en","16":"product_tag-new-york-caffe-en","18":"first","19":"instock","20":"taxable","21":"shipping-taxable","22":"purchasable","23":"product-type-simple"},"_links":{"self":[{"href":"https:\/\/www.coffee-world.de\/en\/wp-json\/wp\/v2\/product\/25243","targetHints":{"allow":["GET"]}}],"collection":[{"href":"https:\/\/www.coffee-world.de\/en\/wp-json\/wp\/v2\/product"}],"about":[{"href":"https:\/\/www.coffee-world.de\/en\/wp-json\/wp\/v2\/types\/product"}],"replies":[{"embeddable":true,"href":"https:\/\/www.coffee-world.de\/en\/wp-json\/wp\/v2\/comments?post=25243"}],"wp:featuredmedia":[{"embeddable":true,"href":"https:\/\/www.coffee-world.de\/en\/wp-json\/wp\/v2\/media\/25244"}],"wp:attachment":[{"href":"https:\/\/www.coffee-world.de\/en\/wp-json\/wp\/v2\/media?parent=25243"}],"wp:term":[{"taxonomy":"product_brand","embeddable":true,"href":"https:\/\/www.coffee-world.de\/en\/wp-json\/wp\/v2\/product_brand?post=25243"},{"taxonomy":"product_cat","embeddable":true,"href":"https:\/\/www.coffee-world.de\/en\/wp-json\/wp\/v2\/product_cat?post=25243"},{"taxonomy":"product_tag","embeddable":true,"href":"https:\/\/www.coffee-world.de\/en\/wp-json\/wp\/v2\/product_tag?post=25243"}],"curies":[{"name":"wp","href":"https:\/\/api.w.org\/{rel}","templated":true}]}}